{"id":13,"date":"2020-06-09T03:28:38","date_gmt":"2020-06-09T03:28:38","guid":{"rendered":"http:\/\/sw-themes.com\/porto_dummy\/?page_id=13"},"modified":"2025-06-03T02:52:36","modified_gmt":"2025-06-03T02:52:36","slug":"biografia","status":"publish","type":"page","link":"https:\/\/drdiegobarba.com\/en\/biografia\/","title":{"rendered":"Biography"},"content":{"rendered":"<div class=\"vc_row wpb_row row\"><div class=\"vc_column_container col-md-6\"><div class=\"wpb_wrapper vc_column-inner\"><section class=\"timeline exp-timeline\" id=\"exp-timeline\"><div class=\"timeline-body\"><article class=\"timeline-box right\"><div class=\"experience-info col-lg-3 col-md-5 match-height background-color-primary\"><span class=\"from text-color-dark text-uppercase\" style=\"color:#5e2129 !important\">From<span class=\"font-weight-semibold\"><\/span><\/span><span class=\"to text-color-dark text-uppercase\" style=\"color:#5e2129 !important\">To<span class=\"font-weight-semibold\"><\/span><\/span><p style=\"color:#5e2129 !important\" class=\"text-color-dark\"><\/p><span style=\"color:#ffffff !important\" class=\"company text-color-dark font-weight-semibold\">UDG<span style=\"color:#5e2129 !important\" class=\"company-location text-color-dark font-weight-normal text-uppercase\"><\/span><\/span><\/div><div class=\"experience-description col-lg-9 col-md-7 match-height background-color-light\"><h4 class=\"text-color-dark font-weight-semibold\"><\/h4><p class=\"custom-text-color-2\"><img loading=\"lazy\" decoding=\"async\" class=\"wp-image-654 alignleft\" src=\"https:\/\/drdiegobarba.com\/wp-content\/uploads\/2021\/05\/udg-300x300.jpg\" alt=\"\" width=\"165\" height=\"165\" \/><\/p>\n<h5 class=\"porto-sicon-title\" style=\"text-align: right;\">Academic excellence at the UDG School of Medicine<\/h5>\n<p><\/p><\/div><\/article><article class=\"timeline-box right\"><div class=\"experience-info col-lg-3 col-md-5 match-height background-color-primary\"><span class=\"from text-color-dark text-uppercase\" style=\"color:#5e2129 !important\">From<span class=\"font-weight-semibold\"><\/span><\/span><span class=\"to text-color-dark text-uppercase\" style=\"color:#5e2129 !important\">To<span class=\"font-weight-semibold\"><\/span><\/span><p style=\"color:#5e2129 !important\" class=\"text-color-dark\"><\/p><span style=\"color:#ffffff !important\" class=\"company text-color-dark font-weight-semibold\">Hospital Civil<span style=\"color:#5e2129 !important\" class=\"company-location text-color-dark font-weight-normal text-uppercase\"><\/span><\/span><\/div><div class=\"experience-description col-lg-9 col-md-7 match-height background-color-light\"><h4 class=\"text-color-dark font-weight-semibold\"><\/h4><p class=\"custom-text-color-2\"><img loading=\"lazy\" decoding=\"async\" class=\"size-medium wp-image-665 alignleft\" src=\"https:\/\/drdiegobarba.com\/wp-content\/uploads\/2021\/05\/Hospital-civil-guadalajara-Vector-Logo-300x229.png\" alt=\"\" width=\"200\" height=\"129\" \/><\/p>\n<h5 class=\"porto-sicon-title\" style=\"text-align: right;\">Medical residence<\/h5>\n<p><\/p><\/div><\/article><article class=\"timeline-box right\"><div class=\"experience-info col-lg-3 col-md-5 match-height background-color-primary\"><span class=\"from text-color-dark text-uppercase\" style=\"color:#5e2129 !important\">From<span class=\"font-weight-semibold\"><\/span><\/span><span class=\"to text-color-dark text-uppercase\" style=\"color:#5e2129 !important\">To<span class=\"font-weight-semibold\"><\/span><\/span><p style=\"color:#5e2129 !important\" class=\"text-color-dark\"><\/p><span style=\"color:#ffffff !important\" class=\"company text-color-dark font-weight-semibold\">CEMTRO Clinic Madrid, Espa\u00f1a<span style=\"color:#5e2129 !important\" class=\"company-location text-color-dark font-weight-normal text-uppercase\"><\/span><\/span><\/div><div class=\"experience-description col-lg-9 col-md-7 match-height background-color-light\"><h4 class=\"text-color-dark font-weight-semibold\"><\/h4><p class=\"custom-text-color-2\"><img loading=\"lazy\" decoding=\"async\" class=\"alignleft wp-image-656 size-full\" src=\"https:\/\/drdiegobarba.com\/wp-content\/uploads\/2021\/05\/cemtro-e1621350316748.png\" alt=\"\" width=\"222\" height=\"86\" \/><\/p>\n<h5 class=\"porto-sicon-title\" style=\"text-align: right;\">Master in Knee Pathology<\/h5>\n<p><\/p><\/div><\/article><article class=\"timeline-box right\"><div class=\"experience-info col-lg-3 col-md-5 match-height background-color-primary\"><span class=\"from text-color-dark text-uppercase\" style=\"color:#5e2129 !important\">From<span class=\"font-weight-semibold\"><\/span><\/span><span class=\"to text-color-dark text-uppercase\" style=\"color:#5e2129 !important\">To<span class=\"font-weight-semibold\"><\/span><\/span><p style=\"color:#5e2129 !important\" class=\"text-color-dark\"><\/p><span style=\"color:#ffffff !important\" class=\"company text-color-dark font-weight-semibold\">Cornerstone TX, USA<span style=\"color:#5e2129 !important\" class=\"company-location text-color-dark font-weight-normal text-uppercase\"><\/span><\/span><\/div><div class=\"experience-description col-lg-9 col-md-7 match-height background-color-light\"><h4 style=\"color:#ffffff !important\" class=\"text-color-dark font-weight-semibold\"><\/h4><p class=\"custom-text-color-2\"><img loading=\"lazy\" decoding=\"async\" class=\"size-full wp-image-664 alignleft\" src=\"https:\/\/drdiegobarba.com\/wp-content\/uploads\/2021\/05\/200px-CornerstoneOrthopedicInstitute-NEW-LOGO_white-outline-thick.png\" alt=\"\" width=\"200\" height=\"63\" \/><\/p>\n<h5 class=\"porto-sicon-title\" style=\"text-align: right;\">Training in Robotics Navigated Surgery<\/h5>\n<p><\/p><\/div><\/article><article class=\"timeline-box right\"><div class=\"experience-info col-lg-3 col-md-5 match-height background-color-primary\"><span class=\"from text-color-dark text-uppercase\" style=\"color:#5e2129 !important\">From<span class=\"font-weight-semibold\"><\/span><\/span><span class=\"to text-color-dark text-uppercase\" style=\"color:#5e2129 !important\">To<span class=\"font-weight-semibold\"><\/span><\/span><p style=\"color:#5e2129 !important\" class=\"text-color-dark\"><\/p><span style=\"color:#ffffff !important\" class=\"company text-color-dark font-weight-semibold\">FIFA<span style=\"color:#5e2129 !important\" class=\"company-location text-color-dark font-weight-normal text-uppercase\"><\/span><\/span><\/div><div class=\"experience-description col-lg-9 col-md-7 match-height background-color-light\"><h4 class=\"text-color-dark font-weight-semibold\"><\/h4><p class=\"custom-text-color-2\"><img loading=\"lazy\" decoding=\"async\" class=\"wp-image-655 alignleft\" src=\"https:\/\/drdiegobarba.com\/wp-content\/uploads\/2021\/05\/1200px-FIFA_logo_without_slogan.svg_-300x99.png\" alt=\"\" width=\"155\" height=\"51\" \/><\/p>\n<h5 class=\"porto-sicon-title\" style=\"text-align: right;\">Football Medicine Certified<\/h5>\n<p><\/p><\/div><\/article><div class=\"timeline-bar\"><\/div><\/div><\/section><\/div><\/div><div class=\"vc_column_container col-md-6\"><div class=\"wpb_wrapper vc_column-inner\"><p style=\"text-align: justify\" class=\"vc_custom_heading vc_custom_1621382748775\">Dr. Barba focuses on the development of the most innovative techniques of knee and shoulder surgery. He is part of the joint replacement and arthroscopy unit and participates constantly in research and teaching, making him an authority in the field.<br \/>\nHe began his studies at the University of Guadalajara, graduating for academic excellence at the Faculty of Medicine. Later, he studied out his medical residency at the Civil Hospital of Guadalajara Fray Antonio Alcalde. During his specialty studies, he participated in a medical rotaron at the Cemtro Clinic in Madrid, Spain. This hospital is where he decided to focus on sports and degenerative joint injuries, which is why he studies a Master's degree in knee pathology at this institution (endorsed by the Francisco de Vitoria University). He attends the Cemtro Clinic to participate in surgeries for high-performance athletes (Olympic athletes and First Division Soccer players).<\/p><p style=\"text-align: justify\" class=\"vc_custom_heading\">Finally, he performed training in robotic-navigated surgery in the United States at Cornerstone Hospital, which is an international reference in knee replacement surgery. In Texas he is a student of Dr. Ra\u00fal M\u00e1rquez, renowned orthopedic surgeon and pioneer in robotic surgery.<br \/>\nRegarding sports medicine, Dr. Diego Barba is a graduate of the High Specialty Course in Arthroscopy and Sports Medicine at the Hospital Civil, as well as accredited by FIFA in 2019, approving a Diploma in Football Medicine.<br \/>\nCurrently he focuses on restoring the quality of life of his patients through movement using joint surgery as his main tool, as well as non-surgical treatments when these can help his patients.<\/p><\/div><\/div><\/div><div class=\"vc_row wpb_row row\"><div class=\"vc_column_container col-md-12\"><div class=\"wpb_wrapper vc_column-inner\"><div class=\"wpb_gallery wpb_content_element vc_clearfix\" ><div class=\"wpb_wrapper\"><div class=\"wpb_gallery_slides wpb_image_grid\" data-interval=\"3\"><ul class=\"wpb_image_grid_ul\"><li class=\"isotope-item\"><a class=\"prettyphoto\" href=\"https:\/\/drdiegobarba.com\/wp-content\/uploads\/2021\/05\/l28-1024x683.jpg\" data-rel=\"prettyPhoto[rel-13-3761259565]\"><img loading=\"lazy\" decoding=\"async\" width=\"150\" height=\"150\" src=\"https:\/\/drdiegobarba.com\/wp-content\/uploads\/2021\/05\/l28-150x150.jpg\" class=\"attachment-thumbnail\" alt=\"\" \/><\/a><\/li><li class=\"isotope-item\"><a class=\"prettyphoto\" href=\"https:\/\/drdiegobarba.com\/wp-content\/uploads\/2021\/05\/Dr-Diego-Barba-photo-33.jpg\" data-rel=\"prettyPhoto[rel-13-3761259565]\"><img loading=\"lazy\" decoding=\"async\" width=\"1\" height=\"1\" src=\"https:\/\/drdiegobarba.com\/wp-content\/uploads\/2021\/05\/Dr-Diego-Barba-photo-33.jpg\" class=\"attachment-thumbnail\" alt=\"\" \/><\/a><\/li><li class=\"isotope-item\"><a class=\"prettyphoto\" href=\"https:\/\/drdiegobarba.com\/wp-content\/uploads\/2021\/05\/Dr-Diego-Barba-photo-27-732x1024.jpg\" data-rel=\"prettyPhoto[rel-13-3761259565]\"><img loading=\"lazy\" decoding=\"async\" width=\"150\" height=\"150\" src=\"https:\/\/drdiegobarba.com\/wp-content\/uploads\/2021\/05\/Dr-Diego-Barba-photo-27-150x150.jpg\" class=\"attachment-thumbnail\" alt=\"\" \/><\/a><\/li><li class=\"isotope-item\"><a class=\"prettyphoto\" href=\"https:\/\/drdiegobarba.com\/wp-content\/uploads\/2021\/05\/Dr-Diego-Barba-photo-24-683x1024.jpg\" data-rel=\"prettyPhoto[rel-13-3761259565]\"><img loading=\"lazy\" decoding=\"async\" width=\"150\" height=\"150\" src=\"https:\/\/drdiegobarba.com\/wp-content\/uploads\/2021\/05\/Dr-Diego-Barba-photo-24-150x150.jpg\" class=\"attachment-thumbnail\" alt=\"\" \/><\/a><\/li><li class=\"isotope-item\"><a class=\"prettyphoto\" href=\"https:\/\/drdiegobarba.com\/wp-content\/uploads\/2021\/05\/Dr-Diego-Barba-photo-21-1024x576.jpg\" data-rel=\"prettyPhoto[rel-13-3761259565]\"><img loading=\"lazy\" decoding=\"async\" width=\"150\" height=\"150\" src=\"https:\/\/drdiegobarba.com\/wp-content\/uploads\/2021\/05\/Dr-Diego-Barba-photo-21-150x150.jpg\" class=\"attachment-thumbnail\" alt=\"\" \/><\/a><\/li><li class=\"isotope-item\"><a class=\"prettyphoto\" href=\"https:\/\/drdiegobarba.com\/wp-content\/uploads\/2021\/05\/Dr-Diego-Barba-photo-20-1024x732.jpg\" data-rel=\"prettyPhoto[rel-13-3761259565]\"><img loading=\"lazy\" decoding=\"async\" width=\"150\" height=\"150\" src=\"https:\/\/drdiegobarba.com\/wp-content\/uploads\/2021\/05\/Dr-Diego-Barba-photo-20-150x150.jpg\" class=\"attachment-thumbnail\" alt=\"\" \/><\/a><\/li><li class=\"isotope-item\"><a class=\"prettyphoto\" href=\"https:\/\/drdiegobarba.com\/wp-content\/uploads\/2021\/05\/Dr-Diego-Barba-photo-18-1024x732.jpg\" data-rel=\"prettyPhoto[rel-13-3761259565]\"><img loading=\"lazy\" decoding=\"async\" width=\"150\" height=\"150\" src=\"https:\/\/drdiegobarba.com\/wp-content\/uploads\/2021\/05\/Dr-Diego-Barba-photo-18-150x150.jpg\" class=\"attachment-thumbnail\" alt=\"\" \/><\/a><\/li><li class=\"isotope-item\"><a class=\"prettyphoto\" href=\"https:\/\/drdiegobarba.com\/wp-content\/uploads\/2021\/05\/Dr-Diego-Barba-photo-14-683x1024.jpg\" data-rel=\"prettyPhoto[rel-13-3761259565]\"><img loading=\"lazy\" decoding=\"async\" width=\"150\" height=\"150\" src=\"https:\/\/drdiegobarba.com\/wp-content\/uploads\/2021\/05\/Dr-Diego-Barba-photo-14-150x150.jpg\" class=\"attachment-thumbnail\" alt=\"\" \/><\/a><\/li><li class=\"isotope-item\"><a class=\"prettyphoto\" href=\"https:\/\/drdiegobarba.com\/wp-content\/uploads\/2021\/05\/Dr-Diego-Barba-photo-13-732x1024.jpg\" data-rel=\"prettyPhoto[rel-13-3761259565]\"><img loading=\"lazy\" decoding=\"async\" width=\"150\" height=\"150\" src=\"https:\/\/drdiegobarba.com\/wp-content\/uploads\/2021\/05\/Dr-Diego-Barba-photo-13-150x150.jpg\" class=\"attachment-thumbnail\" alt=\"\" \/><\/a><\/li><li class=\"isotope-item\"><a class=\"prettyphoto\" href=\"https:\/\/drdiegobarba.com\/wp-content\/uploads\/2021\/05\/Dr-Diego-Barba-photo-11.jpg\" data-rel=\"prettyPhoto[rel-13-3761259565]\"><img loading=\"lazy\" decoding=\"async\" width=\"1\" height=\"1\" src=\"https:\/\/drdiegobarba.com\/wp-content\/uploads\/2021\/05\/Dr-Diego-Barba-photo-11.jpg\" class=\"attachment-thumbnail\" alt=\"\" \/><\/a><\/li><li class=\"isotope-item\"><a class=\"prettyphoto\" href=\"https:\/\/drdiegobarba.com\/wp-content\/uploads\/2021\/05\/Dr-Diego-Barba-photo-9-1024x576.jpg\" data-rel=\"prettyPhoto[rel-13-3761259565]\"><img loading=\"lazy\" decoding=\"async\" width=\"150\" height=\"150\" src=\"https:\/\/drdiegobarba.com\/wp-content\/uploads\/2021\/05\/Dr-Diego-Barba-photo-9-150x150.jpg\" class=\"attachment-thumbnail\" alt=\"\" \/><\/a><\/li><li class=\"isotope-item\"><a class=\"prettyphoto\" href=\"https:\/\/drdiegobarba.com\/wp-content\/uploads\/2021\/05\/Dr-Diego-Barba-photo-10-1024x576.jpg\" data-rel=\"prettyPhoto[rel-13-3761259565]\"><img loading=\"lazy\" decoding=\"async\" width=\"150\" height=\"150\" src=\"https:\/\/drdiegobarba.com\/wp-content\/uploads\/2021\/05\/Dr-Diego-Barba-photo-10-150x150.jpg\" class=\"attachment-thumbnail\" alt=\"\" \/><\/a><\/li><li class=\"isotope-item\"><a class=\"prettyphoto\" href=\"https:\/\/drdiegobarba.com\/wp-content\/uploads\/2021\/05\/Dr-Diego-Barba-photo-34-1024x732.jpg\" data-rel=\"prettyPhoto[rel-13-3761259565]\"><img loading=\"lazy\" decoding=\"async\" width=\"150\" height=\"150\" src=\"https:\/\/drdiegobarba.com\/wp-content\/uploads\/2021\/05\/Dr-Diego-Barba-photo-34-150x150.jpg\" class=\"attachment-thumbnail\" alt=\"\" \/><\/a><\/li><li class=\"isotope-item\"><a class=\"prettyphoto\" href=\"https:\/\/drdiegobarba.com\/wp-content\/uploads\/2021\/05\/Dr-Diego-Barba-photo-31-1024x576.jpg\" data-rel=\"prettyPhoto[rel-13-3761259565]\"><img loading=\"lazy\" decoding=\"async\" width=\"150\" height=\"150\" src=\"https:\/\/drdiegobarba.com\/wp-content\/uploads\/2021\/05\/Dr-Diego-Barba-photo-31-150x150.jpg\" class=\"attachment-thumbnail\" alt=\"\" \/><\/a><\/li><li class=\"isotope-item\"><a class=\"prettyphoto\" href=\"https:\/\/drdiegobarba.com\/wp-content\/uploads\/2021\/05\/Dr-Diego-Barba-photo-26-732x1024.jpg\" data-rel=\"prettyPhoto[rel-13-3761259565]\"><img loading=\"lazy\" decoding=\"async\" width=\"150\" height=\"150\" src=\"https:\/\/drdiegobarba.com\/wp-content\/uploads\/2021\/05\/Dr-Diego-Barba-photo-26-150x150.jpg\" class=\"attachment-thumbnail\" alt=\"\" \/><\/a><\/li><li class=\"isotope-item\"><a class=\"prettyphoto\" href=\"https:\/\/drdiegobarba.com\/wp-content\/uploads\/2021\/05\/Dr-Diego-Barba-photo-25-732x1024.jpg\" data-rel=\"prettyPhoto[rel-13-3761259565]\"><img loading=\"lazy\" decoding=\"async\" width=\"150\" height=\"150\" src=\"https:\/\/drdiegobarba.com\/wp-content\/uploads\/2021\/05\/Dr-Diego-Barba-photo-25-150x150.jpg\" class=\"attachment-thumbnail\" alt=\"\" \/><\/a><\/li><li class=\"isotope-item\"><a class=\"prettyphoto\" href=\"https:\/\/drdiegobarba.com\/wp-content\/uploads\/2021\/05\/Dr-Diego-Barba-photo-15-683x1024.jpg\" data-rel=\"prettyPhoto[rel-13-3761259565]\"><img loading=\"lazy\" decoding=\"async\" width=\"150\" height=\"150\" src=\"https:\/\/drdiegobarba.com\/wp-content\/uploads\/2021\/05\/Dr-Diego-Barba-photo-15-150x150.jpg\" class=\"attachment-thumbnail\" alt=\"\" \/><\/a><\/li><\/ul><\/div><\/div><\/div><\/div><\/div><\/div>","protected":false},"excerpt":{"rendered":"FromToUDG Excelencia Acad\u00e9mica en la Facultad de Medicina FromToHospital Civil Residencia M\u00e9dica FromToCl\u00ednica CEMTRO Madrid, Espa\u00f1a M\u00e1ster en Patolog\u00eda de rodilla FromToCornerstone TX, USA Adiestramiento en Cirug\u00eda Navegada por Rob\u00f3tica FromToFIFA Football Medicine Certified El Dr. Barba desde sus comienzos se ha centrado en el desarrollo de las t\u00e9cnicas m\u00e1s innovadoras para el tratamiento de [...]","protected":false},"author":1,"featured_media":0,"parent":0,"menu_order":0,"comment_status":"closed","ping_status":"closed","template":"","meta":{"footnotes":""},"class_list":["post-13","page","type-page","status-publish","hentry"],"_links":{"self":[{"href":"https:\/\/drdiegobarba.com\/en\/wp-json\/wp\/v2\/pages\/13","targetHints":{"allow":["GET"]}}],"collection":[{"href":"https:\/\/drdiegobarba.com\/en\/wp-json\/wp\/v2\/pages"}],"about":[{"href":"https:\/\/drdiegobarba.com\/en\/wp-json\/wp\/v2\/types\/page"}],"author":[{"embeddable":true,"href":"https:\/\/drdiegobarba.com\/en\/wp-json\/wp\/v2\/users\/1"}],"replies":[{"embeddable":true,"href":"https:\/\/drdiegobarba.com\/en\/wp-json\/wp\/v2\/comments?post=13"}],"version-history":[{"count":21,"href":"https:\/\/drdiegobarba.com\/en\/wp-json\/wp\/v2\/pages\/13\/revisions"}],"predecessor-version":[{"id":697,"href":"https:\/\/drdiegobarba.com\/en\/wp-json\/wp\/v2\/pages\/13\/revisions\/697"}],"wp:attachment":[{"href":"https:\/\/drdiegobarba.com\/en\/wp-json\/wp\/v2\/media?parent=13"}],"curies":[{"name":"wp","href":"https:\/\/api.w.org\/{rel}","templated":true}]}}