{"id":15,"date":"2020-06-09T03:28:51","date_gmt":"2020-06-09T03:28:51","guid":{"rendered":"http:\/\/sw-themes.com\/porto_dummy\/?page_id=15"},"modified":"2021-04-28T05:59:48","modified_gmt":"2021-04-28T05:59:48","slug":"especialidades","status":"publish","type":"page","link":"https:\/\/drdiegobarba.com\/en\/especialidades\/","title":{"rendered":"Specialties"},"content":{"rendered":"<div class=\"vc_row wpb_row pt-5 background-color-primary porto-inner-container\"><div class=\"porto-wrap-container container\"><div class=\"row\"><div class=\"vc_column_container col-md-12\"><div class=\"wpb_wrapper vc_column-inner\"><p  data-appear-animation=\"fadeInUp\" data-appear-animation-delay=\"200\" class=\"vc_custom_heading mb-5 align-left heading-light\">orem ipsum dolor sit amet, consectetur adipiscing elit. Sed imperdiet libero id nisi euismod, sed porta est consectetur. Vestibulum auctor felis eget orci semper vestibulum. Pellentesque ultricies nibh gravida, accumsan libero luctus, molestie nunc.L orem ipsum dolor sit amet, consectetur adipiscing elit. Sed imperdiet libero id nisi euismod, sed porta est consectetur. Vestibulum auctor felis eget orci semper vestibulum. Pellentesque ultricies nibh gravida, accumsan libero luctus, molestie nunc.<\/p><div class=\"vc_row wpb_row vc_inner row justify-content-center cards-medical-services\"><div class=\"col-sm-6 m-b-lg vc_column_container col-md-6 col-xl-3 col-lg-4\" data-appear-animation=\"fadeInUp\" data-appear-animation-delay=\"700\"><div class=\"wpb_wrapper vc_column-inner\"><div class=\"porto-sicon-box h-100 hover-effect-1 background-color-light py-5 p-l-lg p-r-lg mb-0 style_1 top-icon\"><div class=\"porto-sicon-top\"><div id=\"porto-icon-141913392869eb520cbec0f\" class=\"porto-just-icon-wrapper\" style=\"text-align:center;\"><div class=\"porto-sicon-img\" style=\"display:inline-block;font-size: 60px;\"><img loading=\"lazy\" decoding=\"async\" class=\"img-icon\" alt=\"\" src=\"https:\/\/drdiegobarba.com\/wp-content\/uploads\/2021\/04\/DIEGO-BARBA-simbolos-01.png\" width=\"3544\" height=\"3545\" \/><\/div><\/div><\/div><div class=\"porto-sicon-header\" ><h3 class=\"porto-sicon-title\" style=\"font-weight:700;font-size:1.3125rem;line-height:1.4;\">Orthopedics and Traumatology<\/h3><\/div> <!-- header --><div class=\"porto-sicon-description\" style=\"\">Lorem ipsum dolor sit amet, consectetur adipiscing elit. Nunc viverra erat orci, ac auctor lacus tincidunt ut&#8230;<a class=\"porto-sicon-read xx\" href=\"https:\/\/www.portotheme.com\/wordpress\/porto\/medical2\/departments\/gastroenterology\/\" title='Cardiology'>READ MORE +<span>&nbsp;&raquo;<\/span><\/a><\/div> <!-- description --><\/div><!-- porto-sicon-box --><\/div><\/div><div class=\"col-sm-6 m-b-lg vc_column_container col-md-6 col-xl-3 col-lg-4\" data-appear-animation=\"fadeInUp\" data-appear-animation-delay=\"900\"><div class=\"wpb_wrapper vc_column-inner\"><div class=\"porto-sicon-box h-100 hover-effect-1 background-color-light py-5 p-l-lg p-r-lg mb-0 style_1 top-icon\"><div class=\"porto-sicon-top\"><div id=\"porto-icon-10171335369eb520cbf44a\" class=\"porto-just-icon-wrapper\" style=\"text-align:center;\"><div class=\"porto-sicon-img\" style=\"display:inline-block;font-size: 60px;\"><img loading=\"lazy\" decoding=\"async\" class=\"img-icon\" alt=\"\" src=\"https:\/\/drdiegobarba.com\/wp-content\/uploads\/2021\/04\/DIEGO-BARBA-simbolos-03.png\" width=\"3545\" height=\"3545\" \/><\/div><\/div><\/div><div class=\"porto-sicon-header\" ><h3 class=\"porto-sicon-title\" style=\"font-weight:700;font-size:1.3125rem;line-height:1.4;\">Sports medicine<\/h3><\/div> <!-- header --><div class=\"porto-sicon-description\" style=\"\">Lorem ipsum dolor sit amet, consectetur adipiscing elit. Nunc viverra erat orci, ac auctor lacus tincidunt ut&#8230;<a class=\"porto-sicon-read xx\" href=\"https:\/\/www.portotheme.com\/wordpress\/porto\/medical2\/departments\/pulmonology\/\" title='Cardiology'>READ MORE +<span>&nbsp;&raquo;<\/span><\/a><\/div> <!-- description --><\/div><!-- porto-sicon-box --><\/div><\/div><div class=\"col-sm-6 m-b-lg vc_column_container col-md-6 col-xl-3 col-lg-4\" data-appear-animation=\"fadeInUp\" data-appear-animation-delay=\"1100\"><div class=\"wpb_wrapper vc_column-inner\"><div class=\"porto-sicon-box h-100 hover-effect-1 background-color-light py-5 p-l-lg p-r-lg mb-0 style_1 top-icon\"><div class=\"porto-sicon-top\"><div id=\"porto-icon-100544423369eb520cbfba1\" class=\"porto-just-icon-wrapper\" style=\"text-align:center;\"><div class=\"porto-sicon-img\" style=\"display:inline-block;font-size: 60px;\"><img loading=\"lazy\" decoding=\"async\" class=\"img-icon\" alt=\"\" src=\"https:\/\/drdiegobarba.com\/wp-content\/uploads\/2021\/04\/DIEGO-BARBA-simbolos-02.png\" width=\"3544\" height=\"3545\" \/><\/div><\/div><\/div><div class=\"porto-sicon-header\" ><h3 class=\"porto-sicon-title\" style=\"font-weight:700;font-size:1.3125rem;line-height:1.4;\">Artroscop\u00eda y Cirugia de m\u00ednima invasi\u00f3n<\/h3><\/div> <!-- header --><div class=\"porto-sicon-description\" style=\"\">Lorem ipsum dolor sit amet, consectetur adipiscing elit. Nunc viverra erat orci, ac auctor lacus tincidunt ut&#8230;<a class=\"porto-sicon-read xx\" href=\"https:\/\/www.portotheme.com\/wordpress\/porto\/medical2\/departments\/cardiology\/\" title='Cardiology'>READ MORE +<span>&nbsp;&raquo;<\/span><\/a><\/div> <!-- description --><\/div><!-- porto-sicon-box --><\/div><\/div><\/div><\/div><\/div><\/div><\/div><\/div>","protected":false},"excerpt":{"rendered":"orem ipsum dolor sit amet, consectetur adipiscing elit. Sed imperdiet libero id nisi euismod, sed porta est consectetur. Vestibulum auctor felis eget orci semper vestibulum. Pellentesque ultricies nibh gravida, accumsan libero luctus, molestie nunc.L orem ipsum dolor sit amet, consectetur adipiscing elit. Sed imperdiet libero id nisi euismod, sed porta est consectetur. Vestibulum auctor felis [...]","protected":false},"author":1,"featured_media":0,"parent":0,"menu_order":0,"comment_status":"closed","ping_status":"closed","template":"","meta":{"footnotes":""},"class_list":["post-15","page","type-page","status-publish","hentry"],"_links":{"self":[{"href":"https:\/\/drdiegobarba.com\/en\/wp-json\/wp\/v2\/pages\/15","targetHints":{"allow":["GET"]}}],"collection":[{"href":"https:\/\/drdiegobarba.com\/en\/wp-json\/wp\/v2\/pages"}],"about":[{"href":"https:\/\/drdiegobarba.com\/en\/wp-json\/wp\/v2\/types\/page"}],"author":[{"embeddable":true,"href":"https:\/\/drdiegobarba.com\/en\/wp-json\/wp\/v2\/users\/1"}],"replies":[{"embeddable":true,"href":"https:\/\/drdiegobarba.com\/en\/wp-json\/wp\/v2\/comments?post=15"}],"version-history":[{"count":2,"href":"https:\/\/drdiegobarba.com\/en\/wp-json\/wp\/v2\/pages\/15\/revisions"}],"predecessor-version":[{"id":357,"href":"https:\/\/drdiegobarba.com\/en\/wp-json\/wp\/v2\/pages\/15\/revisions\/357"}],"wp:attachment":[{"href":"https:\/\/drdiegobarba.com\/en\/wp-json\/wp\/v2\/media?parent=15"}],"curies":[{"name":"wp","href":"https:\/\/api.w.org\/{rel}","templated":true}]}}