{"id":150,"date":"2020-06-10T03:50:10","date_gmt":"2020-06-10T03:50:10","guid":{"rendered":"http:\/\/sw-themes.com\/porto_dummy\/?page_id=150"},"modified":"2022-04-27T03:34:06","modified_gmt":"2022-04-27T03:34:06","slug":"servicios","status":"publish","type":"page","link":"https:\/\/drdiegobarba.com\/en\/especialidades\/servicios\/","title":{"rendered":"Services"},"content":{"rendered":"<div class=\"vc_row wpb_row row\"><div class=\"vc_column_container col-md-12\"><div class=\"wpb_wrapper vc_column-inner\"><div class=\"porto-u-heading\" data-hspacer=\"no_spacer\" data-halign=\"center\" style=\"text-align:center\"><div class=\"porto-u-main-heading\"><h2 style=\"\">Prosthesis (Joint Replacement)<\/h2><\/div><\/div><p style=\"text-align: justify\" class=\"vc_custom_heading mb-0 translation-block\">A prosthesis is the replacement of the joint by a synthetic piece, through an intervention\nsurgical. It is an implant that is placed in the damaged structure and substitutes its function, allowing the\npatient to move the joint again, eliminating any pain that may have. During the intervention\nremoves damaged bone and cartilage.\nThe most common reason for a prosthesis to be placed is because of wear and tear (osteoarthritis),\nthat is damaging the joint. But also some fractures in which there is great bone damage\nsubchondral or certain tumors or infections that require an implant or prosthesis.<\/p><div class=\"vc_row wpb_row vc_inner row py-5 align-items-center\"><div class=\"pb-4 pb-lg-0 vc_column_container col-md-6\"><div class=\"wpb_wrapper vc_column-inner\">\n\t<div class=\"wpb_single_image wpb_content_element vc_align_left   mb-0 p-3 box-shadow-1 img-full\"data-appear-animation=\"fadeInUp\" data-appear-animation-delay=\"400\">\n\t\t<div class=\"wpb_wrapper\">\n\t\t\t\n\t\t\t<div class=\"vc_single_image-wrapper   vc_box_border_grey\"><img loading=\"lazy\" decoding=\"async\" width=\"5184\" height=\"3456\" src=\"https:\/\/drdiegobarba.com\/wp-content\/uploads\/2022\/04\/IMG_8185-2-EDITADA.png\" class=\"vc_single_image-img attachment-full\" alt=\"\" srcset=\"https:\/\/drdiegobarba.com\/wp-content\/uploads\/2022\/04\/IMG_8185-2-EDITADA.png 5184w, https:\/\/drdiegobarba.com\/wp-content\/uploads\/2022\/04\/IMG_8185-2-EDITADA-1024x683.png 1024w, https:\/\/drdiegobarba.com\/wp-content\/uploads\/2022\/04\/IMG_8185-2-EDITADA-768x512.png 768w, https:\/\/drdiegobarba.com\/wp-content\/uploads\/2022\/04\/IMG_8185-2-EDITADA-1536x1024.png 1536w, https:\/\/drdiegobarba.com\/wp-content\/uploads\/2022\/04\/IMG_8185-2-EDITADA-2048x1365.png 2048w, https:\/\/drdiegobarba.com\/wp-content\/uploads\/2022\/04\/IMG_8185-2-EDITADA-640x427.png 640w, https:\/\/drdiegobarba.com\/wp-content\/uploads\/2022\/04\/IMG_8185-2-EDITADA-400x267.png 400w\" sizes=\"auto, (max-width: 5184px) 100vw, 5184px\" \/><\/div>\n\t\t<\/div>\n\t<\/div>\n\n\t<div class=\"wpb_single_image wpb_content_element vc_align_left   mb-0 p-3 box-shadow-1 img-full\"data-appear-animation=\"fadeInUp\" data-appear-animation-delay=\"400\">\n\t\t<div class=\"wpb_wrapper\">\n\t\t\t\n\t\t\t<div class=\"vc_single_image-wrapper   vc_box_border_grey\"><img loading=\"lazy\" decoding=\"async\" width=\"3456\" height=\"2449\" src=\"https:\/\/drdiegobarba.com\/wp-content\/uploads\/2022\/04\/IMG_8192-1-EDITADA-e1650310391417.png\" class=\"vc_single_image-img attachment-full\" alt=\"\" srcset=\"https:\/\/drdiegobarba.com\/wp-content\/uploads\/2022\/04\/IMG_8192-1-EDITADA-e1650310391417.png 3456w, https:\/\/drdiegobarba.com\/wp-content\/uploads\/2022\/04\/IMG_8192-1-EDITADA-e1650310391417-1024x726.png 1024w, https:\/\/drdiegobarba.com\/wp-content\/uploads\/2022\/04\/IMG_8192-1-EDITADA-e1650310391417-768x544.png 768w, https:\/\/drdiegobarba.com\/wp-content\/uploads\/2022\/04\/IMG_8192-1-EDITADA-e1650310391417-1536x1088.png 1536w, https:\/\/drdiegobarba.com\/wp-content\/uploads\/2022\/04\/IMG_8192-1-EDITADA-e1650310391417-2048x1451.png 2048w, https:\/\/drdiegobarba.com\/wp-content\/uploads\/2022\/04\/IMG_8192-1-EDITADA-e1650310391417-640x454.png 640w, https:\/\/drdiegobarba.com\/wp-content\/uploads\/2022\/04\/IMG_8192-1-EDITADA-e1650310391417-400x283.png 400w\" sizes=\"auto, (max-width: 3456px) 100vw, 3456px\" \/><\/div>\n\t\t<\/div>\n\t<\/div>\n<\/div><\/div><div class=\"vc_column_container col-md-6\"><div class=\"wpb_wrapper vc_column-inner\"><div class=\"porto-animation\" data-appear-animation=\"fadeInUp\" data-appear-animation-delay=\"200\"><div class=\"porto-sicon-box mb-2 style_1 default-icon\"><div class=\"porto-sicon-default\"><div id=\"porto-icon-71584154269eb816fc4a65\" class=\"porto-just-icon-wrapper\" style=\"text-align:center;\"><div class=\"porto-icon advanced\" style=\"color:#222529;background:transparent;border-style:solid;border-color:#e7e7e7;border-width:1px;width:38px;height:38px;line-height:38px;border-radius:20px;font-size:11.2px;display:inline-block;\"><i class=\"fas fa-check\"><\/i><\/div><\/div><\/div><div class=\"porto-sicon-header\" ><h5 class=\"porto-sicon-title\" style=\"letter-spacing:0;\">Cirug\u00eda: Pr\u00f3tesis con robot ROSA<\/h5><\/div> <!-- header --><\/div><!-- porto-sicon-box --><\/div><div class=\"porto-animation\" data-appear-animation=\"fadeInUp\" data-appear-animation-delay=\"200\"><div class=\"porto-sicon-box mb-2 style_1 default-icon\"><div class=\"porto-sicon-default\"><div id=\"porto-icon-179454115169eb816fc519d\" class=\"porto-just-icon-wrapper\" style=\"text-align:center;\"><div class=\"porto-icon advanced\" style=\"color:#222529;background:transparent;border-style:solid;border-color:#e7e7e7;border-width:1px;width:38px;height:38px;line-height:38px;border-radius:20px;font-size:11.2px;display:inline-block;\"><i class=\"fas fa-check\"><\/i><\/div><\/div><\/div><div class=\"porto-sicon-header\" ><h5 class=\"porto-sicon-title\" style=\"letter-spacing:0;\">Knee prosthesis<\/h5><\/div> <!-- header --><\/div><!-- porto-sicon-box --><\/div><div class=\"porto-animation\" data-appear-animation=\"fadeInUp\" data-appear-animation-delay=\"300\"><div class=\"porto-sicon-box mb-2 style_1 default-icon\"><div class=\"porto-sicon-default\"><div id=\"porto-icon-186724591069eb816fc5834\" class=\"porto-just-icon-wrapper\" style=\"text-align:center;\"><div class=\"porto-icon advanced\" style=\"color:#222529;background:transparent;border-style:solid;border-color:#e7e7e7;border-width:1px;width:38px;height:38px;line-height:38px;border-radius:20px;font-size:11.2px;display:inline-block;\"><i class=\"fas fa-check\"><\/i><\/div><\/div><\/div><div class=\"porto-sicon-header\" ><h5 class=\"porto-sicon-title\" style=\"letter-spacing:0;\">Hip prosthesis<\/h5><\/div> <!-- header --><\/div><!-- porto-sicon-box --><\/div><div class=\"porto-animation\" data-appear-animation=\"fadeInUp\" data-appear-animation-delay=\"400\"><div class=\"porto-sicon-box mb-2 style_1 default-icon\"><div class=\"porto-sicon-default\"><div id=\"porto-icon-203722388469eb816fc5ef2\" class=\"porto-just-icon-wrapper\" style=\"text-align:center;\"><div class=\"porto-icon advanced\" style=\"color:#222529;background:transparent;border-style:solid;border-color:#e7e7e7;border-width:1px;width:38px;height:38px;line-height:38px;border-radius:20px;font-size:11.2px;display:inline-block;\"><i class=\"fas fa-check\"><\/i><\/div><\/div><\/div><div class=\"porto-sicon-header\" ><h5 class=\"porto-sicon-title\" style=\"letter-spacing:0;\">Shoulder Prosthesis<\/h5><\/div> <!-- header --><\/div><!-- porto-sicon-box --><\/div><\/div><\/div><\/div><div class=\"porto-separator   my-5\"><hr class=\"separator-line  align_center solid\"><\/div><\/div><\/div><\/div><div class=\"vc_row wpb_row row\"><div class=\"vc_column_container col-md-12\"><div class=\"wpb_wrapper vc_column-inner\"><div class=\"porto-u-heading\" data-hspacer=\"no_spacer\" data-halign=\"center\" style=\"text-align:center\"><div class=\"porto-u-main-heading\"><h2 style=\"\">Arthroscopy<\/h2><\/div><\/div><p style=\"text-align: justify\" class=\"vc_custom_heading mb-0\">Arthroscopy is a procedure to diagnose and treat joint problems. A surgeon<br \/>\ninserts a scope connected to a fiber optic video camera through a small<br \/>\nincision. The image inside the joint is transmitted to a High Definition Screen.<br \/>\nThe surgeon can even repair certain types of damage through the use of instruments.<br \/>\nquir\u00fargicos delgados como un l\u00e1piz que se insertan en peque\u00f1as incisiones adicionales.<br \/>\nArthroscopy is a novel tool to perform procedures reducing risks and time of recovery<br \/>\nquir\u00fargicos as\u00ed como acortando el tiempo de incapacidad.<\/p><div class=\"vc_row wpb_row vc_inner row py-5 align-items-center\"><div class=\"pb-4 pb-lg-0 vc_column_container col-md-6\"><div class=\"wpb_wrapper vc_column-inner\">\n\t<div class=\"wpb_single_image wpb_content_element vc_align_left   mb-0 p-3 box-shadow-1 img-full\"data-appear-animation=\"fadeInUp\" data-appear-animation-delay=\"400\">\n\t\t<div class=\"wpb_wrapper\">\n\t\t\t\n\t\t\t<div class=\"vc_single_image-wrapper   vc_box_border_grey\"><img loading=\"lazy\" decoding=\"async\" width=\"1024\" height=\"732\" src=\"https:\/\/drdiegobarba.com\/wp-content\/uploads\/2021\/05\/Dr-Diego-Barba-photo-34-1024x732.jpg\" class=\"vc_single_image-img attachment-large\" alt=\"\" srcset=\"https:\/\/drdiegobarba.com\/wp-content\/uploads\/2021\/05\/Dr-Diego-Barba-photo-34-1024x732.jpg 1024w, https:\/\/drdiegobarba.com\/wp-content\/uploads\/2021\/05\/Dr-Diego-Barba-photo-34-768x549.jpg 768w, https:\/\/drdiegobarba.com\/wp-content\/uploads\/2021\/05\/Dr-Diego-Barba-photo-34-640x457.jpg 640w, https:\/\/drdiegobarba.com\/wp-content\/uploads\/2021\/05\/Dr-Diego-Barba-photo-34-400x286.jpg 400w\" sizes=\"auto, (max-width: 1024px) 100vw, 1024px\" \/><\/div>\n\t\t<\/div>\n\t<\/div>\n\n\t<div class=\"wpb_single_image wpb_content_element vc_align_left   mb-0 p-3 box-shadow-1 img-full\"data-appear-animation=\"fadeInUp\" data-appear-animation-delay=\"400\">\n\t\t<div class=\"wpb_wrapper\">\n\t\t\t\n\t\t\t<div class=\"vc_single_image-wrapper   vc_box_border_grey\"><img loading=\"lazy\" decoding=\"async\" width=\"1\" height=\"1\" src=\"https:\/\/drdiegobarba.com\/wp-content\/uploads\/2021\/05\/Dr-Diego-Barba-photo-33.jpg\" class=\"vc_single_image-img attachment-large\" alt=\"\" \/><\/div>\n\t\t<\/div>\n\t<\/div>\n<\/div><\/div><div class=\"vc_column_container col-md-6\"><div class=\"wpb_wrapper vc_column-inner\"><div class=\"porto-animation\" data-appear-animation=\"fadeInUp\" data-appear-animation-delay=\"200\"><div class=\"porto-sicon-box mb-2 style_1 default-icon flex-wrap\"><div class=\"porto-sicon-default\"><div id=\"porto-icon-45354208869eb816fc9d54\" class=\"porto-just-icon-wrapper\" style=\"text-align:center;\"><div class=\"porto-icon advanced\" style=\"color:#222529;background:transparent;border-style:solid;border-color:#e7e7e7;border-width:1px;width:38px;height:38px;line-height:38px;border-radius:20px;font-size:11.2px;display:inline-block;\"><i class=\"fas fa-check\"><\/i><\/div><\/div><\/div><div class=\"porto-sicon-header\" ><h5 class=\"porto-sicon-title\" style=\"letter-spacing:0;\">Knee Arthroscopy<\/h5><\/div> <!-- header --><div class=\"porto-sicon-description\" style=\"\">Meniscal pathology<br \/>\nChondral (Cartilage) Injuries<br \/>\nAnterior, posterior and collateral cruciate ligament rupture<br \/>\nBaker's cyst<\/div> <!-- description --><\/div><!-- porto-sicon-box --><\/div><div class=\"porto-animation\" data-appear-animation=\"fadeInUp\" data-appear-animation-delay=\"300\"><div class=\"porto-sicon-box mb-2 style_1 default-icon flex-wrap\"><div class=\"porto-sicon-default\"><div id=\"porto-icon-120109206169eb816fca411\" class=\"porto-just-icon-wrapper\" style=\"text-align:center;\"><div class=\"porto-icon advanced\" style=\"color:#222529;background:transparent;border-style:solid;border-color:#e7e7e7;border-width:1px;width:38px;height:38px;line-height:38px;border-radius:20px;font-size:11.2px;display:inline-block;\"><i class=\"fas fa-check\"><\/i><\/div><\/div><\/div><div class=\"porto-sicon-header\" ><h5 class=\"porto-sicon-title\" style=\"letter-spacing:0;\">Shoulder Arthroscopy<\/h5><\/div> <!-- header --><div class=\"porto-sicon-description\" style=\"\">Rotator cuff injuries<br \/>\nBiceps tendonitis<br \/>\nSubacromial impingement<\/div> <!-- description --><\/div><!-- porto-sicon-box --><\/div><div class=\"porto-animation\" data-appear-animation=\"fadeInUp\" data-appear-animation-delay=\"400\"><div class=\"porto-sicon-box mb-2 style_1 default-icon flex-wrap\"><div class=\"porto-sicon-default\"><div id=\"porto-icon-5230125369eb816fcaaaf\" class=\"porto-just-icon-wrapper\" style=\"text-align:center;\"><div class=\"porto-icon advanced\" style=\"color:#222529;background:transparent;border-style:solid;border-color:#e7e7e7;border-width:1px;width:38px;height:38px;line-height:38px;border-radius:20px;font-size:11.2px;display:inline-block;\"><i class=\"fas fa-check\"><\/i><\/div><\/div><\/div><div class=\"porto-sicon-header\" ><h5 class=\"porto-sicon-title\" style=\"letter-spacing:0;\">Elbow Arthroscopy<\/h5><\/div> <!-- header --><div class=\"porto-sicon-description\" style=\"\">Tennis player elbow<br \/>\nGolfer elbow<br \/>\nImpingement<\/div> <!-- description --><\/div><!-- porto-sicon-box --><\/div><div class=\"porto-animation\" data-appear-animation=\"fadeInUp\" data-appear-animation-delay=\"400\"><div class=\"porto-sicon-box mb-2 style_1 default-icon flex-wrap\"><div class=\"porto-sicon-default\"><div id=\"porto-icon-196467562169eb816fcb174\" class=\"porto-just-icon-wrapper\" style=\"text-align:center;\"><div class=\"porto-icon advanced\" style=\"color:#222529;background:transparent;border-style:solid;border-color:#e7e7e7;border-width:1px;width:38px;height:38px;line-height:38px;border-radius:20px;font-size:11.2px;display:inline-block;\"><i class=\"fas fa-check\"><\/i><\/div><\/div><\/div><div class=\"porto-sicon-header\" ><h5 class=\"porto-sicon-title\" style=\"letter-spacing:0;\">Ankle Arthroscopy<\/h5><\/div> <!-- header --><div class=\"porto-sicon-description\" style=\"\">Pinching<br \/>\nWear, tear and osteoarthritis<br \/>\nDislocations<\/div> <!-- description --><\/div><!-- porto-sicon-box --><\/div><div class=\"porto-animation\" data-appear-animation=\"fadeInUp\" data-appear-animation-delay=\"400\"><div class=\"porto-sicon-box mb-2 style_1 default-icon\"><div class=\"porto-sicon-default\"><div id=\"porto-icon-149140885669eb816fcb81c\" class=\"porto-just-icon-wrapper\" style=\"text-align:center;\"><div class=\"porto-icon advanced\" style=\"color:#222529;background:transparent;border-style:solid;border-color:#e7e7e7;border-width:1px;width:38px;height:38px;line-height:38px;border-radius:20px;font-size:11.2px;display:inline-block;\"><i class=\"fas fa-check\"><\/i><\/div><\/div><\/div><div class=\"porto-sicon-header\" ><h5 class=\"porto-sicon-title\" style=\"letter-spacing:0;\">Joint infiltrations<\/h5><\/div> <!-- header --><\/div><!-- porto-sicon-box --><div class=\"porto-sicon-box mb-2 style_1 default-icon\"><div class=\"porto-sicon-default\"><div id=\"porto-icon-101301049469eb816fcbcfa\" class=\"porto-just-icon-wrapper\" style=\"text-align:center;\"><div class=\"porto-icon advanced\" style=\"color:#222529;background:transparent;border-style:solid;border-color:#e7e7e7;border-width:1px;width:38px;height:38px;line-height:38px;border-radius:20px;font-size:11.2px;display:inline-block;\"><i class=\"fas fa-check\"><\/i><\/div><\/div><\/div><div class=\"porto-sicon-header\" ><h5 class=\"porto-sicon-title\" style=\"letter-spacing:0;\">Fractures<\/h5><\/div> <!-- header --><\/div><!-- porto-sicon-box --><div class=\"porto-sicon-box mb-2 style_1 default-icon\"><div class=\"porto-sicon-default\"><div id=\"porto-icon-118229179769eb816fcc238\" class=\"porto-just-icon-wrapper\" style=\"text-align:center;\"><div class=\"porto-icon advanced\" style=\"color:#222529;background:transparent;border-style:solid;border-color:#e7e7e7;border-width:1px;width:38px;height:38px;line-height:38px;border-radius:20px;font-size:11.2px;display:inline-block;\"><i class=\"fas fa-check\"><\/i><\/div><\/div><\/div><div class=\"porto-sicon-header\" ><h5 class=\"porto-sicon-title\" style=\"letter-spacing:0;\">Dislocations<\/h5><\/div> <!-- header --><\/div><!-- porto-sicon-box --><div class=\"porto-sicon-box mb-2 style_1 default-icon\"><div class=\"porto-sicon-default\"><div id=\"porto-icon-42174415069eb816fcc7fc\" class=\"porto-just-icon-wrapper\" style=\"text-align:center;\"><div class=\"porto-icon advanced\" style=\"color:#222529;background:transparent;border-style:solid;border-color:#e7e7e7;border-width:1px;width:38px;height:38px;line-height:38px;border-radius:20px;font-size:11.2px;display:inline-block;\"><i class=\"fas fa-check\"><\/i><\/div><\/div><\/div><div class=\"porto-sicon-header\" ><h5 class=\"porto-sicon-title\" style=\"letter-spacing:0;\">Joint instability<\/h5><\/div> <!-- header --><\/div><!-- porto-sicon-box --><\/div><\/div><\/div><\/div><div class=\"porto-separator   my-5\"><hr class=\"separator-line  align_center solid\"><\/div><\/div><\/div><\/div>","protected":false},"excerpt":{"rendered":"Pr\u00f3tesis (Reemplazo Articular)Una pr\u00f3tesis es la sustituci\u00f3n de la articulaci\u00f3n por una pieza sint\u00e9tica, a trav\u00e9s de una intervenci\u00f3n quir\u00fargica. Es un implante que se coloca en la estructura da\u00f1ada y sustituye su funci\u00f3n, permitiendo al paciente volver a mover la articulaci\u00f3n, eliminando el dolor que pudiera tener. Durante la intervenci\u00f3n se retira el hueso [...]","protected":false},"author":1,"featured_media":0,"parent":15,"menu_order":0,"comment_status":"closed","ping_status":"closed","template":"","meta":{"footnotes":""},"class_list":["post-150","page","type-page","status-publish","hentry"],"_links":{"self":[{"href":"https:\/\/drdiegobarba.com\/en\/wp-json\/wp\/v2\/pages\/150","targetHints":{"allow":["GET"]}}],"collection":[{"href":"https:\/\/drdiegobarba.com\/en\/wp-json\/wp\/v2\/pages"}],"about":[{"href":"https:\/\/drdiegobarba.com\/en\/wp-json\/wp\/v2\/types\/page"}],"author":[{"embeddable":true,"href":"https:\/\/drdiegobarba.com\/en\/wp-json\/wp\/v2\/users\/1"}],"replies":[{"embeddable":true,"href":"https:\/\/drdiegobarba.com\/en\/wp-json\/wp\/v2\/comments?post=150"}],"version-history":[{"count":7,"href":"https:\/\/drdiegobarba.com\/en\/wp-json\/wp\/v2\/pages\/150\/revisions"}],"predecessor-version":[{"id":786,"href":"https:\/\/drdiegobarba.com\/en\/wp-json\/wp\/v2\/pages\/150\/revisions\/786"}],"up":[{"embeddable":true,"href":"https:\/\/drdiegobarba.com\/en\/wp-json\/wp\/v2\/pages\/15"}],"wp:attachment":[{"href":"https:\/\/drdiegobarba.com\/en\/wp-json\/wp\/v2\/media?parent=150"}],"curies":[{"name":"wp","href":"https:\/\/api.w.org\/{rel}","templated":true}]}}