{"id":2,"date":"2020-06-09T02:42:48","date_gmt":"2020-06-09T02:42:48","guid":{"rendered":"https:\/\/drdiegobarba.com\/?page_id=2"},"modified":"2023-03-31T19:03:59","modified_gmt":"2023-03-31T19:03:59","slug":"home","status":"publish","type":"page","link":"https:\/\/drdiegobarba.com\/en\/","title":{"rendered":"Home"},"content":{"rendered":"<div class=\"vc_row wpb_row custom-info-boxes mb-5 pb-4 pb-xl-5 vc_custom_1591689092424 porto-inner-container\"><div class=\"porto-wrap-container container\"><div class=\"row\"><div class=\"mb-4 mb-xl-0 pb-2 pb-xl-0 vc_column_container col-md-12 col-xl-4 col-lg-6\" data-appear-animation=\"fadeInRight\" data-appear-animation-delay=\"500\"><div class=\"wpb_wrapper vc_column-inner\"><div class=\"porto-sicon-box p-5 mb-0 background-color-light box-shadow-1 h-100 style_1 top-icon\"><div class=\"porto-sicon-top\"><div id=\"porto-icon-204431628669fc80ac16fd7\" class=\"porto-just-icon-wrapper\" style=\"text-align:center;\"><div class=\"porto-sicon-img\" style=\"display:inline-block;font-size: 91px;\"><img loading=\"lazy\" decoding=\"async\" class=\"img-icon\" alt=\"\" src=\"https:\/\/drdiegobarba.com\/wp-content\/uploads\/2023\/03\/DIEGO-BARBA-simbolos-01b-1.png\" width=\"3544\" height=\"3545\" \/><\/div><\/div><\/div><div class=\"porto-sicon-header\" ><h3 class=\"porto-sicon-title\" style=\"font-weight:700;font-size:1.5rem;line-height:1.5;\">Orthopedics and Traumatology<\/h3><\/div> <!-- header --><\/div><!-- porto-sicon-box --><\/div><\/div><div class=\"mb-4 mb-xl-0 pb-2 pb-xl-0 vc_column_container col-md-12 col-xl-4 col-lg-6\" data-appear-animation=\"zoomIn\" data-appear-animation-delay=\"200\"><div class=\"wpb_wrapper vc_column-inner\"><div class=\"porto-sicon-box p-5 mb-0 background-color-light box-shadow-1 h-100 style_1 top-icon\"><div class=\"porto-sicon-top\"><div id=\"porto-icon-135636316169fc80ac17956\" class=\"porto-just-icon-wrapper\" style=\"text-align:center;\"><div class=\"porto-sicon-img\" style=\"display:inline-block;font-size: 91px;\"><img loading=\"lazy\" decoding=\"async\" class=\"img-icon\" alt=\"\" src=\"https:\/\/drdiegobarba.com\/wp-content\/uploads\/2023\/03\/DIEGO-BARBA-simbolos-03b.png\" width=\"3545\" height=\"3545\" \/><\/div><\/div><\/div><div class=\"porto-sicon-header\" ><h3 class=\"porto-sicon-title\" style=\"font-weight:700;font-size:1.5rem;line-height:1.5;\">Sports medicine<\/h3><\/div> <!-- header --><\/div><!-- porto-sicon-box --><\/div><\/div><div class=\"mb-4 mb-xl-0 pb-2 pb-xl-0 vc_column_container col-md-12 col-xl-4 col-lg-6\" data-appear-animation=\"fadeInLeft\" data-appear-animation-delay=\"500\"><div class=\"wpb_wrapper vc_column-inner\"><div class=\"porto-sicon-box p-5 mb-0 background-color-light box-shadow-1 h-100 style_1 top-icon\"><div class=\"porto-sicon-top\"><div id=\"porto-icon-206665959269fc80ac18206\" class=\"porto-just-icon-wrapper\" style=\"text-align:center;\"><div class=\"porto-sicon-img\" style=\"display:inline-block;font-size: 91px;\"><img loading=\"lazy\" decoding=\"async\" class=\"img-icon\" alt=\"\" src=\"https:\/\/drdiegobarba.com\/wp-content\/uploads\/2023\/03\/DIEGO-BARBA-simbolos-02b.png\" width=\"3544\" height=\"3545\" \/><\/div><\/div><\/div><div class=\"porto-sicon-header\" ><h3 class=\"porto-sicon-title\" style=\"font-weight:700;font-size:1.5rem;line-height:1.5;\">Arthroscopy and Minimally Invasive Surgery<\/h3><\/div> <!-- header --><\/div><!-- porto-sicon-box --><\/div><\/div><\/div><\/div><\/div><div class=\"vc_row wpb_row mb-5 porto-inner-container\"><div class=\"porto-wrap-container container\"><div class=\"row\"><div class=\"vc_column_container col-md-12 col-lg-8\" data-appear-animation=\"fadeInUp\" data-appear-animation-delay=\"500\"><div class=\"wpb_wrapper vc_column-inner\"><\/div><\/div><\/div><\/div><\/div><div class=\"vc_row wpb_row row px-0 mb-lg-5 pb-md-4 vc_row-o-content-middle vc_row-flex\"><div class=\"section-right-triangle vc_column_container col-md-12 col-lg-6 vc_custom_1621360639700\" data-appear-animation=\"fadeIn\" data-appear-animation-delay=\"100\"><div class=\"wpb_wrapper vc_column-inner\"><\/div><\/div><div class=\"col-half-section col-fullwidth-md py-5 px-4 px-md-3 vc_column_container col-md-12 col-lg-6\"><div class=\"wpb_wrapper vc_column-inner\"><h3 style=\"font-size: 1.8em;line-height: 1\" data-appear-animation=\"fadeInUp\" data-appear-animation-delay=\"200\" class=\"vc_custom_heading mb-2 align-left\">About Dr. Diego Barba<\/h3><p  data-appear-animation=\"fadeInUp\" data-appear-animation-delay=\"400\" class=\"vc_custom_heading mb-4 align-left\">Dr. Barba focuses on the development of the most innovative techniques of knee and shoulder surgery.<br \/>\nHe is part of the joint replacement and arthroscopy unit and participates constantly in research and teaching, making him an authority in the field.<\/p><div class=\"vc_row wpb_row vc_inner row\"><div class=\"vc_column_container col-md-6 col-4\" data-appear-animation=\"fadeInLeft\" data-appear-animation-delay=\"700\"><div class=\"wpb_wrapper vc_column-inner\"><div class=\"stats-block stats-top\"><div class=\"stats-desc\"><div id=\"counter_45627152269fc80ac1a0e9\" data-id=\"counter_45627152269fc80ac1a0e9\" class=\"stats-number\" style=\" font-weight:700;font-size:2.75em;line-height:1.4;color:#00567c;\" data-speed=\"3\" data-counter-value=\"4\" data-separator=\"none\" data-decimal=\".\">0<\/div><div class=\"counter_suffix mycust\" style=\" font-weight:700;font-size:2.75em;line-height:1.4;color:#00567c\">+<\/div><div class=\"stats-text\" style=\"font-weight:600;font-size:1.2em;line-height:1.2;color:#00567c;\">Specialties<\/div><\/div><\/div><\/div><\/div><div class=\"vc_column_container col-md-6 col-4\" data-appear-animation=\"fadeInLeft\" data-appear-animation-delay=\"900\"><div class=\"wpb_wrapper vc_column-inner\"><div class=\"stats-block stats-top\"><div class=\"stats-desc\"><div id=\"counter_79973782269fc80ac1a4a9\" data-id=\"counter_79973782269fc80ac1a4a9\" class=\"stats-number\" style=\" font-weight:700;font-size:2.75em;line-height:1.4;color:#00567c;\" data-speed=\"3\" data-counter-value=\"2\" data-separator=\"none\" data-decimal=\".\">0<\/div><div class=\"counter_suffix mycust\" style=\" font-weight:700;font-size:2.75em;line-height:1.4;color:#00567c\">+<\/div><div class=\"stats-text\" style=\"font-weight:600;font-size:1.2em;line-height:1.2;color:#00567c;\">Locations<\/div><\/div><\/div><\/div><\/div><\/div><div class=\"vc_row wpb_row vc_inner row\"><div class=\"vc_column_container col-md-6 col-xl-6 col-lg-12\"><div class=\"wpb_wrapper vc_column-inner\"><div class=\"porto-animation\" data-appear-animation=\"fadeInUp\" data-appear-animation-delay=\"200\"><div class=\"porto-sicon-box mb-2 style_1 default-icon\"><div class=\"porto-sicon-default\"><div id=\"porto-icon-184524921369fc80ac1ad4c\" class=\"porto-just-icon-wrapper\" style=\"text-align:center;\"><div class=\"porto-icon advanced\" style=\"color:#222529;background:#ffffff;border-style:solid;border-color:#e7e7e7;border-width:1px;width:38px;height:38px;line-height:38px;border-radius:20px;font-size:11.2px;display:inline-block;\"><i class=\"fas fa-check\"><\/i><\/div><\/div><\/div><div class=\"porto-sicon-header\" ><h5 class=\"porto-sicon-title\" style=\"letter-spacing:0;\">Academic excellence at the UDG School of Medicine<\/h5><\/div> <!-- header --><\/div><!-- porto-sicon-box --><\/div><div class=\"porto-animation\" data-appear-animation=\"fadeInUp\" data-appear-animation-delay=\"300\"><div class=\"porto-sicon-box mb-2 style_1 default-icon\"><div class=\"porto-sicon-default\"><div id=\"porto-icon-63592913069fc80ac1b189\" class=\"porto-just-icon-wrapper\" style=\"text-align:center;\"><div class=\"porto-icon advanced\" style=\"color:#222529;background:#ffffff;border-style:solid;border-color:#e7e7e7;border-width:1px;width:38px;height:38px;line-height:38px;border-radius:20px;font-size:11.2px;display:inline-block;\"><i class=\"fas fa-check\"><\/i><\/div><\/div><\/div><div class=\"porto-sicon-header\" ><h5 class=\"porto-sicon-title\" style=\"letter-spacing:0;\">Medical residency at the Civil Hospital of Guadalajara Fray Antonio Alcalde<\/h5><\/div> <!-- header --><\/div><!-- porto-sicon-box --><\/div><div class=\"porto-animation\" data-appear-animation=\"fadeInUp\" data-appear-animation-delay=\"400\"><div class=\"porto-sicon-box mb-2 style_1 default-icon\"><div class=\"porto-sicon-default\"><div id=\"porto-icon-171830008969fc80ac1b5a7\" class=\"porto-just-icon-wrapper\" style=\"text-align:center;\"><div class=\"porto-icon advanced\" style=\"color:#222529;background:#ffffff;border-style:solid;border-color:#e7e7e7;border-width:1px;width:38px;height:38px;line-height:38px;border-radius:20px;font-size:11.2px;display:inline-block;\"><i class=\"fas fa-check\"><\/i><\/div><\/div><\/div><div class=\"porto-sicon-header\" ><h5 class=\"porto-sicon-title\" style=\"letter-spacing:0;\">Master's degree in knee pathology Cl\u00ednica Cemtro in Madrid, Spain<\/h5><\/div> <!-- header --><\/div><!-- porto-sicon-box --><\/div><\/div><\/div><div class=\"vc_column_container col-md-6 col-xl-6 col-lg-12\"><div class=\"wpb_wrapper vc_column-inner\"><div class=\"porto-animation\" data-appear-animation=\"fadeInUp\" data-appear-animation-delay=\"500\"><div class=\"porto-sicon-box mb-2 style_1 default-icon\"><div class=\"porto-sicon-default\"><div id=\"porto-icon-143024697269fc80ac1bbb4\" class=\"porto-just-icon-wrapper\" style=\"text-align:center;\"><div class=\"porto-icon advanced\" style=\"color:#222529;background:#ffffff;border-style:solid;border-color:#e7e7e7;border-width:1px;width:38px;height:38px;line-height:38px;border-radius:20px;font-size:11.2px;display:inline-block;\"><i class=\"fas fa-check\"><\/i><\/div><\/div><\/div><div class=\"porto-sicon-header\" ><h5 class=\"porto-sicon-title\" style=\"letter-spacing:0;\">Surgeries of high performance athletes (Olympians and First Division Soccer players)<\/h5><\/div> <!-- header --><\/div><!-- porto-sicon-box --><\/div><div class=\"porto-animation\" data-appear-animation=\"fadeInUp\" data-appear-animation-delay=\"600\"><div class=\"porto-sicon-box mb-2 style_1 default-icon\"><div class=\"porto-sicon-default\"><div id=\"porto-icon-84693021669fc80ac1bfcb\" class=\"porto-just-icon-wrapper\" style=\"text-align:center;\"><div class=\"porto-icon advanced\" style=\"color:#222529;background:#ffffff;border-style:solid;border-color:#e7e7e7;border-width:1px;width:38px;height:38px;line-height:38px;border-radius:20px;font-size:11.2px;display:inline-block;\"><i class=\"fas fa-check\"><\/i><\/div><\/div><\/div><div class=\"porto-sicon-header\" ><h5 class=\"porto-sicon-title\" style=\"letter-spacing:0;\">Training in robotic navigated surgery at Cornerstone Hospital in the State of Texas, United States<\/h5><\/div> <!-- header --><\/div><!-- porto-sicon-box --><\/div><div class=\"porto-animation\" data-appear-animation=\"fadeInUp\" data-appear-animation-delay=\"700\"><div class=\"porto-sicon-box mb-2 style_1 default-icon\"><div class=\"porto-sicon-default\"><div id=\"porto-icon-81306084269fc80ac1c3de\" class=\"porto-just-icon-wrapper\" style=\"text-align:center;\"><div class=\"porto-icon advanced\" style=\"color:#222529;background:#ffffff;border-style:solid;border-color:#e7e7e7;border-width:1px;width:38px;height:38px;line-height:38px;border-radius:20px;font-size:11.2px;display:inline-block;\"><i class=\"fas fa-check\"><\/i><\/div><\/div><\/div><div class=\"porto-sicon-header\" ><h5 class=\"porto-sicon-title\" style=\"letter-spacing:0;\">Accredited by FIFA in 2019 approving Diploma in Football Medicine<\/h5><\/div> <!-- header --><\/div><!-- porto-sicon-box --><\/div><\/div><\/div><\/div><\/div><\/div><\/div><div class=\"vc_row wpb_row row no-padding\"><div class=\"section-left-triangle order-lg-2 vc_column_container col-md-12 col-lg-6 vc_custom_1622484307051\" data-appear-animation=\"fadeIn\" data-appear-animation-delay=\"100\"><div class=\"wpb_wrapper vc_column-inner\"><\/div><\/div><div class=\"pt-5 pt-lg-0 vc_column_container col-md-12 col-lg-6\"><div class=\"wpb_wrapper vc_column-inner\"><div class=\"porto-ultimate-content-box-container col-half-section col-half-section-right col-fullwidth-md px-4 px-md-0 pr-lg-3\"><div class=\"porto-ultimate-content-box\" style=\"box-shadow: none;\"><h2 style=\"font-size: 1.8em;line-height: 1\" class=\"vc_custom_heading mb-2 align-left\">What patients say<\/h2><div class=\"porto-carousel owl-carousel has-ccols ccols-1 m-t-lg m-b-xl py-lg-4 nav-center-images-only stage-margin nav-style-1\" data-plugin-options=\"{&quot;stagePadding&quot;:50,&quot;margin&quot;:0,&quot;autoplay&quot;:false,&quot;autoplayTimeout&quot;:5000,&quot;autoplayHoverPause&quot;:false,&quot;items&quot;:1,&quot;lg&quot;:1,&quot;md&quot;:1,&quot;sm&quot;:1,&quot;xs&quot;:1,&quot;nav&quot;:&quot;yes&quot;,&quot;dots&quot;:false,&quot;animateIn&quot;:&quot;&quot;,&quot;animateOut&quot;:&quot;&quot;,&quot;loop&quot;:false,&quot;center&quot;:false,&quot;video&quot;:false,&quot;lazyLoad&quot;:false,&quot;fullscreen&quot;:false}\"><div class=\"porto-testimonial wpb_content_element  py-2\"><div class=\"testimonial testimonial-style-2\"><blockquote><p>Excellent specialist. Assessment and correct treatment. Highly recommended and attentive to the patient.<\/p><\/blockquote><div class=\"testimonial-arrow-down\"><\/div><div class=\"testimonial-author clearfix\"><p><strong style=\"color:#222529\">Oswaldo Villase\u00f1or M.<\/strong><span><\/span><\/p><\/div><\/div><\/div><div class=\"porto-testimonial wpb_content_element  py-2\"><div class=\"testimonial testimonial-style-2\"><blockquote><p>I have 5 weeks of knee surgery and I feel satisfied and my knee has greatly improved, I have stopped using the crutches and I am doing knee flexion exercises<\/p><\/blockquote><div class=\"testimonial-arrow-down\"><\/div><div class=\"testimonial-author clearfix\"><p><strong style=\"color:#222529\">Jes\u00fas Corona<\/strong><span><\/span><\/p><\/div><\/div><\/div><div class=\"porto-testimonial wpb_content_element  py-2\"><div class=\"testimonial testimonial-style-2\"><blockquote><p>He has professionalism, empathy, dedication to all kinds of doubts and clarifications, in a word highly recommended<\/p><\/blockquote><div class=\"testimonial-arrow-down\"><\/div><div class=\"testimonial-author clearfix\"><p><strong style=\"color:#222529\">Francisco<\/strong><span><\/span><\/p><\/div><\/div><\/div><\/div><\/div><\/div><\/div><\/div><\/div><div class=\"vc_row wpb_row py-5 background-color-primary bg-attach-fixed section-bottom-triangle-reverse vc_custom_1680204605984 vc_row-has-fill porto-inner-container\"><div class=\"porto-wrap-container container\"><div class=\"row\"><div class=\"vc_column_container col-md-12\"><div class=\"wpb_wrapper vc_column-inner\"><p  data-appear-animation=\"fadeIn\" class=\"vc_custom_heading mb-0 pt-4 align-left heading-light\">SPECIALTIES<\/p><h2 style=\"font-size: 1.8em;line-height: 1\" data-appear-animation=\"fadeInUp\" data-appear-animation-delay=\"100\" class=\"vc_custom_heading mb-2 align-left heading-light\">Medical Services<\/h2><div class=\"vc_row wpb_row vc_inner row justify-content-center cards-medical-services\"><div class=\"col-sm-6 m-b-lg vc_column_container col-md-6 col-xl-3 col-lg-4\" data-appear-animation=\"fadeInUp\" data-appear-animation-delay=\"500\"><div class=\"wpb_wrapper vc_column-inner\"><div class=\"porto-sicon-box h-100 hover-effect-1 background-color-light py-5 p-l-lg p-r-lg mb-0 style_1 top-icon\"><div class=\"porto-sicon-top\"><div id=\"porto-icon-126544418969fc80ac1ecf4\" class=\"porto-just-icon-wrapper\" style=\"text-align:center;\"><div class=\"porto-sicon-img\" style=\"display:inline-block;font-size: 60px;\"><img loading=\"lazy\" decoding=\"async\" class=\"img-icon\" alt=\"\" src=\"https:\/\/drdiegobarba.com\/wp-content\/uploads\/2023\/03\/DIEGO-BARBA-simbolos-01b-1.png\" width=\"3544\" height=\"3545\" \/><\/div><\/div><\/div><div class=\"porto-sicon-header\" ><h3 class=\"porto-sicon-title\" style=\"font-weight:700;font-size:1.3125rem;line-height:1.4;\">Orthopedics and Traumatology<\/h3><\/div> <!-- header --><div class=\"porto-sicon-description\" style=\"\">- Articular Preservation<br \/>\n- Prosthesis (Replacements)<br \/>\n- Fractures<br \/>\n- Ligament injuries<br \/>\n-Bone diseases<br \/>\n- Colunm surgery<\/div> <!-- description --><\/div><!-- porto-sicon-box --><\/div><\/div><div class=\"col-sm-6 m-b-lg vc_column_container col-md-6 col-xl-3 col-lg-4\" data-appear-animation=\"fadeInUp\" data-appear-animation-delay=\"700\"><div class=\"wpb_wrapper vc_column-inner\"><div class=\"porto-sicon-box h-100 hover-effect-1 background-color-light py-5 p-l-lg p-r-lg mb-0 style_1 top-icon\"><div class=\"porto-sicon-top\"><div id=\"porto-icon-19708706769fc80ac1f268\" class=\"porto-just-icon-wrapper\" style=\"text-align:center;\"><div class=\"porto-sicon-img\" style=\"display:inline-block;font-size: 60px;\"><img loading=\"lazy\" decoding=\"async\" class=\"img-icon\" alt=\"\" src=\"https:\/\/drdiegobarba.com\/wp-content\/uploads\/2023\/03\/DIEGO-BARBA-simbolos-03b.png\" width=\"3545\" height=\"3545\" \/><\/div><\/div><\/div><div class=\"porto-sicon-header\" ><h3 class=\"porto-sicon-title\" style=\"font-weight:700;font-size:1.3125rem;line-height:1.4;\">Sports medicine<\/h3><\/div> <!-- header --><div class=\"porto-sicon-description\" style=\"\">Focused on anyone who performs physical activity both professionally and recreationally. Promoting a healthy lifestyle in the patient, reducing the risk of injuries and associated pathologies.<\/div> <!-- description --><\/div><!-- porto-sicon-box --><\/div><\/div><div class=\"col-sm-6 m-b-lg vc_column_container col-md-6 col-xl-3 col-lg-4\" data-appear-animation=\"fadeInUp\" data-appear-animation-delay=\"900\"><div class=\"wpb_wrapper vc_column-inner\"><div class=\"porto-sicon-box h-100 hover-effect-1 background-color-light py-5 p-l-lg p-r-lg mb-0 style_1 top-icon\"><div class=\"porto-sicon-top\"><div id=\"porto-icon-151495296669fc80ac1f7de\" class=\"porto-just-icon-wrapper\" style=\"text-align:center;\"><div class=\"porto-sicon-img\" style=\"display:inline-block;font-size: 60px;\"><img loading=\"lazy\" decoding=\"async\" class=\"img-icon\" alt=\"\" src=\"https:\/\/drdiegobarba.com\/wp-content\/uploads\/2023\/03\/DIEGO-BARBA-simbolos-02b.png\" width=\"3544\" height=\"3545\" \/><\/div><\/div><\/div><div class=\"porto-sicon-header\" ><h3 class=\"porto-sicon-title\" style=\"font-weight:700;font-size:1.3125rem;line-height:1.4;\">Arthroscopy and Minimally Invasive Surgery<\/h3><\/div> <!-- header --><div class=\"porto-sicon-description\" style=\"\">- Surgical methods to perform risk reduction procedures as well as early recovery.<\/div> <!-- description --><\/div><!-- porto-sicon-box --><\/div><\/div><\/div><h3 style=\"font-size: 1.8em;line-height: 1;text-align: center\" data-appear-animation=\"fadeInUp\" data-appear-animation-delay=\"400\" class=\"vc_custom_heading mb-4 heading-light\">Get well now!<\/h3><div class=\"vc_btn3-container  mb-5 pb-lg-5 vc_btn3-center\" >\n\t<a  data-appear-animation=\"fadeInUp\"  data-appear-animation-delay=\"500\" class=\"vc_btn3 vc_btn3-shape-default btn btn-borders btn-md btn-light\" href=\"http:\/\/www.doctoralia.com.mx\/z\/AnCFDq\" title=\"Contact Us\">MAKE AN APPOINTMENT<\/a>\t<\/div>\n<\/div><\/div><\/div><\/div><\/div><div class=\"vc_row wpb_row pt-5 pt-lg-0 pb-lg-5 porto-inner-container\"><div class=\"porto-wrap-container container\"><div class=\"row\"><div class=\"vc_column_container col-md-12\"><div class=\"wpb_wrapper vc_column-inner\"><p style=\"text-align: center\" data-appear-animation=\"fadeInUp\" class=\"vc_custom_heading mb-0\">VIDEOS<\/p><h2 style=\"font-size: 1.8em;line-height: 1;text-align: center\" data-appear-animation=\"fadeInUp\" data-appear-animation-delay=\"100\" class=\"vc_custom_heading mb-2\">Recent articles and news<\/h2><div class=\"vc_row wpb_row vc_inner row\"><div class=\"vc_column_container col-md-3\"><div class=\"wpb_wrapper vc_column-inner\">\n\t<div class=\"wpb_video_widget wpb_content_element vc_clearfix   vc_video-aspect-ratio-43 vc_video-el-width-100 vc_video-align-left\" >\n\t\t<div class=\"wpb_wrapper\">\n\t\t\t\n\t\t\t<div class=\"wpb_video_wrapper\"><iframe loading=\"lazy\" title=\"Chondromalacia\" width=\"1140\" height=\"641\" src=\"https:\/\/www.youtube.com\/embed\/pM-nvlGWvpU?start=28&feature=oembed\" frameborder=\"0\" allow=\"accelerometer; autoplay; clipboard-write; encrypted-media; gyroscope; picture-in-picture\" allowfullscreen><\/iframe><\/div>\n\t\t<\/div>\n\t<\/div>\n<\/div><\/div><div class=\"vc_column_container col-md-3\"><div class=\"wpb_wrapper vc_column-inner\">\n\t<div class=\"wpb_video_widget wpb_content_element vc_clearfix   vc_video-aspect-ratio-43 vc_video-el-width-100 vc_video-align-left\" >\n\t\t<div class=\"wpb_wrapper\">\n\t\t\t\n\t\t\t<div class=\"wpb_video_wrapper\"><iframe loading=\"lazy\" title=\"Ejercicios de Rehabilitaci\u00f3n de Rodilla\" width=\"1140\" height=\"641\" src=\"https:\/\/www.youtube.com\/embed\/9wOvNmo5GsE?start=3&feature=oembed\" frameborder=\"0\" allow=\"accelerometer; autoplay; clipboard-write; encrypted-media; gyroscope; picture-in-picture\" allowfullscreen><\/iframe><\/div>\n\t\t<\/div>\n\t<\/div>\n<\/div><\/div><div class=\"vc_column_container col-md-3\"><div class=\"wpb_wrapper vc_column-inner\">\n\t<div class=\"wpb_video_widget wpb_content_element vc_clearfix   vc_video-aspect-ratio-43 vc_video-el-width-100 vc_video-align-left\" >\n\t\t<div class=\"wpb_wrapper\">\n\t\t\t\n\t\t\t<div class=\"wpb_video_wrapper\"><iframe loading=\"lazy\" title=\"Ejercicios de rehabilitaci\u00f3n de hombro: Fase 2\" width=\"1140\" height=\"641\" src=\"https:\/\/www.youtube.com\/embed\/jlarmgJFn_E?start=1&feature=oembed\" frameborder=\"0\" allow=\"accelerometer; autoplay; clipboard-write; encrypted-media; gyroscope; picture-in-picture\" allowfullscreen><\/iframe><\/div>\n\t\t<\/div>\n\t<\/div>\n<\/div><\/div><div class=\"vc_column_container col-md-3\"><div class=\"wpb_wrapper vc_column-inner\">\n\t<div class=\"wpb_video_widget wpb_content_element vc_clearfix   vc_video-aspect-ratio-43 vc_video-el-width-100 vc_video-align-left\" >\n\t\t<div class=\"wpb_wrapper\">\n\t\t\t\n\t\t\t<div class=\"wpb_video_wrapper\"><iframe loading=\"lazy\" title=\"Ejercicios de Rehabilitaci\u00f3n de Hombro: Fase 1\" width=\"1140\" height=\"641\" src=\"https:\/\/www.youtube.com\/embed\/NBrn1V7POJk?start=1&feature=oembed\" frameborder=\"0\" allow=\"accelerometer; autoplay; clipboard-write; encrypted-media; gyroscope; picture-in-picture\" allowfullscreen><\/iframe><\/div>\n\t\t<\/div>\n\t<\/div>\n<\/div><\/div><\/div><div class=\"vc_row wpb_row vc_inner row\"><div class=\"vc_column_container col-md-3\"><div class=\"wpb_wrapper vc_column-inner\">\n\t<div class=\"wpb_video_widget wpb_content_element vc_clearfix   vc_video-aspect-ratio-43 vc_video-el-width-100 vc_video-align-left\" >\n\t\t<div class=\"wpb_wrapper\">\n\t\t\t\n\t\t\t<div class=\"wpb_video_wrapper\"><iframe loading=\"lazy\" title=\"Rehabilitaci\u00f3n y cirug\u00eda de rodilla\" width=\"1140\" height=\"641\" src=\"https:\/\/www.youtube.com\/embed\/7jsl0ruM8Yk?feature=oembed\" frameborder=\"0\" allow=\"accelerometer; autoplay; clipboard-write; encrypted-media; gyroscope; picture-in-picture\" allowfullscreen><\/iframe><\/div>\n\t\t<\/div>\n\t<\/div>\n<\/div><\/div><\/div><\/div><\/div><\/div><\/div><\/div>","protected":false},"excerpt":{"rendered":"Ortopedia y Traumatolog\u00eda Medicina Deportiva Artroscopia y Cirug\u00eda de invasi\u00f3n m\u00ednima M\u00e1s acerca del Dr. Diego BarbaEl Dr. Barba desde sus comienzos se ha centrado en el desarrollo de las t\u00e9cnicas m\u00e1s innovadoras para el tratamiento de las lesiones de la rodilla. Se encuentra actualmente formando parte de la Unidades de Artroscopia y Rodilla de [...]","protected":false},"author":1,"featured_media":0,"parent":0,"menu_order":0,"comment_status":"closed","ping_status":"closed","template":"","meta":{"footnotes":""},"class_list":["post-2","page","type-page","status-publish","hentry"],"_links":{"self":[{"href":"https:\/\/drdiegobarba.com\/en\/wp-json\/wp\/v2\/pages\/2","targetHints":{"allow":["GET"]}}],"collection":[{"href":"https:\/\/drdiegobarba.com\/en\/wp-json\/wp\/v2\/pages"}],"about":[{"href":"https:\/\/drdiegobarba.com\/en\/wp-json\/wp\/v2\/types\/page"}],"author":[{"embeddable":true,"href":"https:\/\/drdiegobarba.com\/en\/wp-json\/wp\/v2\/users\/1"}],"replies":[{"embeddable":true,"href":"https:\/\/drdiegobarba.com\/en\/wp-json\/wp\/v2\/comments?post=2"}],"version-history":[{"count":53,"href":"https:\/\/drdiegobarba.com\/en\/wp-json\/wp\/v2\/pages\/2\/revisions"}],"predecessor-version":[{"id":803,"href":"https:\/\/drdiegobarba.com\/en\/wp-json\/wp\/v2\/pages\/2\/revisions\/803"}],"wp:attachment":[{"href":"https:\/\/drdiegobarba.com\/en\/wp-json\/wp\/v2\/media?parent=2"}],"curies":[{"name":"wp","href":"https:\/\/api.w.org\/{rel}","templated":true}]}}